{"id":8778,"date":"2024-08-10T18:19:05","date_gmt":"2024-08-10T18:19:05","guid":{"rendered":"https:\/\/brokercheck.co\/?page_id=8778"},"modified":"2025-06-30T07:11:25","modified_gmt":"2025-06-30T07:11:25","slug":"danh-gia-moi-gioi","status":"publish","type":"page","link":"https:\/\/brokercheck.co\/vi\/danh-gia-moi-gioi\/","title":{"rendered":"\u0110\u00e1nh gi\u00e1 m\u00f4i gi\u1edbi"},"content":{"rendered":"","protected":false},"excerpt":{"rendered":"","protected":false},"author":1,"featured_media":0,"parent":0,"menu_order":0,"comment_status":"closed","ping_status":"closed","template":"","meta":{"_acf_changed":false,"_glsr_average":0,"_glsr_ranking":0,"_glsr_reviews":0,"footnotes":""},"class_list":["post-8778","page","type-page","status-publish","hentry"],"acf":[],"_links":{"self":[{"href":"https:\/\/brokercheck.co\/vi\/wp-json\/wp\/v2\/pages\/8778","targetHints":{"allow":["GET"]}}],"collection":[{"href":"https:\/\/brokercheck.co\/vi\/wp-json\/wp\/v2\/pages"}],"about":[{"href":"https:\/\/brokercheck.co\/vi\/wp-json\/wp\/v2\/types\/page"}],"author":[{"embeddable":true,"href":"https:\/\/brokercheck.co\/vi\/wp-json\/wp\/v2\/users\/1"}],"replies":[{"embeddable":true,"href":"https:\/\/brokercheck.co\/vi\/wp-json\/wp\/v2\/comments?post=8778"}],"version-history":[{"count":1,"href":"https:\/\/brokercheck.co\/vi\/wp-json\/wp\/v2\/pages\/8778\/revisions"}],"predecessor-version":[{"id":8779,"href":"https:\/\/brokercheck.co\/vi\/wp-json\/wp\/v2\/pages\/8778\/revisions\/8779"}],"wp:attachment":[{"href":"https:\/\/brokercheck.co\/vi\/wp-json\/wp\/v2\/media?parent=8778"}],"curies":[{"name":"wp","href":"https:\/\/api.w.org\/{rel}","templated":true}]}}